{"id":494,"date":"2019-11-10T01:15:46","date_gmt":"2019-11-10T00:15:46","guid":{"rendered":"https:\/\/sos-computer.fr\/blog\/?page_id=494"},"modified":"2024-12-10T23:52:59","modified_gmt":"2024-12-10T22:52:59","slug":"competences","status":"publish","type":"page","link":"https:\/\/sos-computer.fr\/blog\/competences\/","title":{"rendered":"COMP\u00c9TENCES"},"content":{"rendered":"\n<p><strong><em>La liste des logiciels indiqu\u00e9s ci-dessous n&rsquo;est pas exhaustive<\/em><\/strong> ;<strong> <em>N&rsquo;h\u00e9sitez pas \u00e0 demander une comp\u00e9tence non list\u00e9e<\/em><\/strong>.<\/p>\n\n\n\n<p><\/p>\n\n\n\n<hr class=\"wp-block-separator has-css-opacity\"\/>\n\n\n\n<p><strong>Syst\u00e8mes d\u2019exploitation et Serveurs :<\/strong><\/p>\n\n\n\n<ul class=\"wp-block-list\">\n<li>Microsoft Windows<\/li>\n\n\n\n<li>Linux Debian<\/li>\n\n\n\n<li>Linux Ubuntu<\/li>\n\n\n\n<li>VMware<\/li>\n\n\n\n<li>HassIO<\/li>\n<\/ul>\n\n\n\n<p><\/p>\n\n\n\n<hr class=\"wp-block-separator has-css-opacity\"\/>\n\n\n\n<p><strong>Productivit\u00e9 :<\/strong><\/p>\n\n\n\n<ul class=\"wp-block-list\">\n<li>Bureautique Microsoft Office&nbsp;<em>(Word, Excel, PowerPoint, Acess et Outlook) niveau avanc\u00e9<\/em><\/li>\n\n\n\n<li>Calculs commerciaux et fonctions statistiques <em>(sous Excel) <\/em><\/li>\n\n\n\n<li>Ciel Comptabilit\u00e9<\/li>\n\n\n\n<li>Ciel Gestion Commerciale<\/li>\n\n\n\n<li>Client de messagerie Rainloop<\/li>\n\n\n\n<li>Client de messagerie \/ Serveur de contacts et de calendrier Sogo<\/li>\n\n\n\n<li>Client de messagerie Thunderbird<\/li>\n\n\n\n<li>Navigateur Firefox et ses modules indispensables \u00e0 la s\u00e9curit\u00e9<\/li>\n<\/ul>\n\n\n\n<p><\/p>\n\n\n\n<hr class=\"wp-block-separator has-css-opacity\"\/>\n\n\n\n<p><strong>Risques et S\u00e9curit\u00e9 informatiques :<\/strong><\/p>\n\n\n\n<ul class=\"wp-block-list\">\n<li>Antivirus et Pare-feux<\/li>\n\n\n\n<li>Bannissement d&rsquo;adresses IP avec FAIL2BAN<\/li>\n\n\n\n<li>S\u00e9curisation des DNS (noms de domaines) avec NEXTDNS<\/li>\n\n\n\n<li>Coffre-fort Bitwarden<\/li>\n\n\n\n<li>R\u00e9seaux locaux LAN et WLAN<\/li>\n\n\n\n<li>R\u00e9seau \u00e9tendu WAN<\/li>\n\n\n\n<li>R\u00e9seaux priv\u00e9s virtuels VPN<\/li>\n\n\n\n<li>Routeurs, ports, translation d&rsquo;adresses NAT, zone d\u00e9militaris\u00e9e DMZ<\/li>\n\n\n\n<li>S\u00e9curiser sa navigation sur internet<\/li>\n\n\n\n<li>Technologies de stockage RAID<\/li>\n\n\n\n<li>R\u00e9cup\u00e9ration de donn\u00e9es sur disques dur\/SSD<\/li>\n<\/ul>\n\n\n\n<p><\/p>\n\n\n\n<hr class=\"wp-block-separator has-css-opacity\"\/>\n\n\n\n<p><strong>Graphismes et Imagerie num\u00e9rique :<\/strong><\/p>\n\n\n\n<ul class=\"wp-block-list\">\n<li>CorelDRAW !<\/li>\n\n\n\n<li>Prise de vue num\u00e9rique<\/li>\n\n\n\n<li>Montage vid\u00e9o<\/li>\n\n\n\n<li>Num\u00e9risation et Archivages<\/li>\n<\/ul>\n\n\n\n<p><\/p>\n\n\n\n<hr class=\"wp-block-separator has-css-opacity\"\/>\n\n\n\n<p><strong>Multim\u00e9dia :<\/strong><\/p>\n\n\n\n<ul class=\"wp-block-list\">\n<li>Airsonic<\/li>\n\n\n\n<li>Emby<\/li>\n\n\n\n<li>Kodi<\/li>\n\n\n\n<li>Transmission<\/li>\n<\/ul>\n\n\n\n<p><\/p>\n\n\n\n<hr class=\"wp-block-separator has-css-opacity\"\/>\n\n\n\n<p><strong>Domotique :<\/strong><\/p>\n\n\n\n<ul class=\"wp-block-list\">\n<li>Home Assistant<\/li>\n\n\n\n<li>Google Home<\/li>\n\n\n\n<li>Jeedom<\/li>\n\n\n\n<li>Objets connect\u00e9s<\/li>\n<\/ul>\n\n\n\n<p><\/p>\n\n\n\n<hr class=\"wp-block-separator has-css-opacity\"\/>\n\n\n\n<p><strong>Vid\u00e9o-Surveillance <\/strong>:<\/p>\n\n\n\n<ul class=\"wp-block-list\">\n<li>MotionEye<\/li>\n\n\n\n<li>ZoneMinder<\/li>\n<\/ul>\n\n\n\n<p><\/p>\n\n\n\n<hr class=\"wp-block-separator has-css-opacity\"\/>\n\n\n\n<p><strong>Cloud :<\/strong><\/p>\n\n\n\n<ul class=\"wp-block-list\">\n<li>DropBox<\/li>\n\n\n\n<li>GoogleDrive<\/li>\n\n\n\n<li>Nextcloud<\/li>\n\n\n\n<li>Owncloud<\/li>\n<\/ul>\n\n\n\n<p><\/p>\n\n\n\n<hr class=\"wp-block-separator has-css-opacity\"\/>\n\n\n\n<p><strong>Blogs et Sites internet :<\/strong><\/p>\n\n\n\n<ul class=\"wp-block-list\">\n<li>WordPress<\/li>\n<\/ul>\n\n\n\n<p><\/p>\n\n\n\n<hr class=\"wp-block-separator has-css-opacity\"\/>\n\n\n\n<p><strong>Administration \u00e0 distance :<\/strong><\/p>\n\n\n\n<ul class=\"wp-block-list\">\n<li>Teamviewer<\/li>\n\n\n\n<li>FileZilla<\/li>\n\n\n\n<li>Putty<\/li>\n<\/ul>\n\n\n\n<p><\/p>\n\n\n\n<hr class=\"wp-block-separator has-css-opacity\"\/>\n\n\n\n<figure class=\"wp-block-table is-style-stripes\"><table><tbody><tr><td><strong>Ressource Serveur<\/strong><\/td><td><strong>Client Windows recommand\u00e9<\/strong><\/td><td><strong>Client Android recommand\u00e9<\/strong><\/td><\/tr><tr><td>Acc\u00e8s SSH<\/td><td>Putty<\/td><td>Juice SSH<br><\/td><\/tr><tr><td>Acc\u00e8s FTP<br><\/td><td>FileZilla \/ WinSCP<\/td><td>FolderSync \/ SolidExplorer \/ Xplore<\/td><\/tr><tr><td>Home Assistant<\/td><td>Acc\u00e8s via Navigateur<\/td><td>HomeAssistant \/ Acc\u00e8s via Navigateur<\/td><\/tr><tr><td>Calendriers<\/td><td>Thunderbird \/ Sogo via navigateur<\/td><td>Calendar+ (n\u00e9cessite DAVdroid)<\/td><\/tr><tr><td>Contacts<\/td><td>Thunderbird \/ Nextcloud ou Sogo via navigateur<\/td><td>Contact g\u00e9n\u00e9rique  (n\u00e9cessite DAVdroid) <\/td><\/tr><tr><td>Messagerie<\/td><td>Thunderbird \/ Nextcloud ou Sogo via Navigateur<\/td><td>FairEmail \/ Aquamail<\/td><\/tr><tr><td>Nextcloud <\/td><td>Nextcloud<\/td><td>Nextcloud \/ FolderSync \/ SolidExplorer<\/td><\/tr><tr><td>Sogo<\/td><td>Thunderbird \/ Nextcloud ou Sogo via Navigateur <\/td><td> aCalendar+ et Contacts (n\u00e9cessite DAVdroid)<\/td><\/tr><tr><td>WordPress<\/td><td>Acc\u00e8s via Navigateur<\/td><td>WordPress \/ Acc\u00e8s via Navigateur<\/td><\/tr><tr><td>Airsonic<\/td><td>Acc\u00e8s via Navigateur<\/td><td>Airsonic \/ Acc\u00e8s via Navigateur <\/td><\/tr><tr><td>Emby<\/td><td>Emby \/ Acc\u00e8s via Navigateur<\/td><td>Emby \/ Acc\u00e8s via Navigateur<\/td><\/tr><tr><td>Kodi<\/td><td>Kodi<\/td><td>Kodi<\/td><\/tr><tr><td>VMware<\/td><td>Acc\u00e8s via Navigateur<\/td><td>VMware \/ Acc\u00e8s via Navigateur<\/td><\/tr><tr><td>Yunohost <\/td><td>Acc\u00e8s via Navigateur<\/td><td>Acc\u00e8s via Navigateur <\/td><\/tr><tr><td>MotionEye<\/td><td>MotionEye \/ Acc\u00e8s via Navigateur <\/td><td>MotionEye \/ Acc\u00e8s via Navigateur  <\/td><\/tr><tr><td>ZoneMinder  <\/td><td>ZM Ninja \/ Acc\u00e8s via Navigateur<\/td><td>ZM Ninja \/ Acc\u00e8s via Navigateur<\/td><\/tr><\/tbody><\/table><\/figure>\n\n\n\n<p><\/p>\n","protected":false},"excerpt":{"rendered":"<p>La liste des logiciels indiqu\u00e9s ci-dessous n&rsquo;est pas exhaustive ; N&rsquo;h\u00e9sitez pas \u00e0 demander une comp\u00e9tence non list\u00e9e. Syst\u00e8mes d\u2019exploitation et Serveurs : Productivit\u00e9 : Risques et S\u00e9curit\u00e9 informatiques : Graphismes et Imagerie num\u00e9rique : Multim\u00e9dia : Domotique : Vid\u00e9o-Surveillance : Cloud : Blogs et Sites internet : Administration \u00e0 distance : Ressource Serveur Client &hellip;<br \/><a href=\"https:\/\/sos-computer.fr\/blog\/competences\/\" class=\"more-link pen_button pen_element_default pen_icon_arrow_double\">Continue reading <span class=\"screen-reader-text\">COMP\u00c9TENCES<\/span><\/a><\/p>\n","protected":false},"author":1,"featured_media":0,"parent":0,"menu_order":0,"comment_status":"closed","ping_status":"closed","template":"","meta":{"footnotes":""},"class_list":["post-494","page","type-page","status-publish","hentry"],"_links":{"self":[{"href":"https:\/\/sos-computer.fr\/blog\/wp-json\/wp\/v2\/pages\/494","targetHints":{"allow":["GET"]}}],"collection":[{"href":"https:\/\/sos-computer.fr\/blog\/wp-json\/wp\/v2\/pages"}],"about":[{"href":"https:\/\/sos-computer.fr\/blog\/wp-json\/wp\/v2\/types\/page"}],"author":[{"embeddable":true,"href":"https:\/\/sos-computer.fr\/blog\/wp-json\/wp\/v2\/users\/1"}],"replies":[{"embeddable":true,"href":"https:\/\/sos-computer.fr\/blog\/wp-json\/wp\/v2\/comments?post=494"}],"version-history":[{"count":58,"href":"https:\/\/sos-computer.fr\/blog\/wp-json\/wp\/v2\/pages\/494\/revisions"}],"predecessor-version":[{"id":1800,"href":"https:\/\/sos-computer.fr\/blog\/wp-json\/wp\/v2\/pages\/494\/revisions\/1800"}],"wp:attachment":[{"href":"https:\/\/sos-computer.fr\/blog\/wp-json\/wp\/v2\/media?parent=494"}],"curies":[{"name":"wp","href":"https:\/\/api.w.org\/{rel}","templated":true}]}}