{"id":495,"date":"2019-11-10T02:15:46","date_gmt":"2019-11-10T00:15:46","guid":{"rendered":"https:\/\/sos-computer.fr\/blog\/?page_id=495"},"modified":"2024-11-24T18:40:33","modified_gmt":"2024-11-24T17:40:33","slug":"auto-hebergement","status":"publish","type":"page","link":"https:\/\/sos-computer.fr\/blog\/auto-hebergement\/","title":{"rendered":"AUTO-H\u00c9BERGEMENT"},"content":{"rendered":"\n<hr class=\"wp-block-separator has-css-opacity\"\/>\n\n\n\n<p class=\"has-pale-cyan-blue-background-color has-background\"><strong>IND\u00c9PENDANCE NUM\u00c9RIQUE : PRENEZ LE CONTR\u00d4LE !<\/strong><\/p>\n\n\n\n<p><strong><em>Mettez un terme \u00e0 l&rsquo;espionnage de vos donn\u00e9es en vous lib\u00e9rant des datacenters. Passez \u00e0 l&rsquo;auto-h\u00e9bergement.<\/em><\/strong><\/p>\n\n\n\n<p>L&rsquo;auto-h\u00e9bergement est le fait d&rsquo;avoir et d&rsquo;administrer son propre serveur, typiquement chez soi, pour h\u00e9berger soi-m\u00eame ses donn\u00e9es personnelles et des services plut\u00f4t que de se reposer exclusivement sur des tiers. Par exemple, il est possible d&rsquo;auto-h\u00e9berger son son serveur mail, son site internet, son coffre-fort, son propre cloud&#8230; sur une machine que vous contr\u00f4lez, au lieu d&rsquo;un ordinateur d\u00e9centralis\u00e9 appartement \u00e0 un tiers <em>(Google ou votre F.A.I. par exemple)<\/em> en \u00e9change d&rsquo;argent, de publicit\u00e9s ou de donn\u00e9es priv\u00e9es.<\/p>\n\n\n\n<p>L&rsquo;auto-h\u00e9bergement implique de disposer d&rsquo;un serveur. Un serveur est un ordinateur qui est destin\u00e9 \u00e0 \u00eatre accessible sur le r\u00e9seau en permanence, et n&rsquo;a g\u00e9n\u00e9ralement pas d&rsquo;\u00e9cran ni de clavier puisqu&rsquo;il est administr\u00e9 \u00e0 distance. Contrairement \u00e0 une croyance r\u00e9pandue, les serveurs ne sont pas n\u00e9cessairement des machines \u00e9normes et extr\u00eamement puissantes.<\/p>\n\n\n\n<p>Pratiquer l&rsquo;auto-h\u00e9bergement ne rend pas \u00ab\u00a0votre internet\u00a0\u00bb plus s\u00e9curis\u00e9 et ne fournit pas d&rsquo;anonymat en tant que tel. L&rsquo;objectif est g\u00e9n\u00e9ralement de pouvoir \u00eatre autonome et au contr\u00f4le de ses services et de ses donn\u00e9es &#8211; ce qui implique aussi d&rsquo;en \u00eatre responsable.<\/p>\n\n\n\n<hr class=\"wp-block-separator has-css-opacity\"\/>\n\n\n\n<p><strong><em>Pourquoi s&rsquo;auto-h\u00e9berger ?<\/em><\/strong><\/p>\n\n\n\n<ul class=\"wp-block-list\">\n<li><strong>Vous croyez en un internet libre, ouvert et d\u00e9centralis\u00e9.<\/strong>\u00a0Dans un internet centralis\u00e9, certaines entreprises priv\u00e9es et les gouvernements peuvent espionner, analyser et influencer les personnes en dictant la fa\u00e7on dont elle peuvent interagir les unes avec les autres, ainsi qu&rsquo;en filtrant du contenu. La solution d&rsquo;auto-h\u00e9bergement YunoHost est d\u00e9velopp\u00e9e par une communaut\u00e9 qui croit en un internet ouvert et d\u00e9centralis\u00e9. Et vous ?<\/li>\n\n\n\n<li><strong>Vous voulez avoir le contr\u00f4le de vos donn\u00e9es et services.<\/strong>\u00a0Vos images, vos messages de chat, votre historique de navigation, et vos mots de passe&#8230; n&rsquo;ont rien \u00e0 faire des ordinateurs centralis\u00e9s, m\u00eame si elles sont crypt\u00e9es. Ces donn\u00e9es font parties de votre vie priv\u00e9e, mais \u00e9galement de celle de votre famille, de vos amis, etc&#8230; Elles devraient \u00eatre g\u00e9r\u00e9es par\u00a0<em>vous<\/em>, et non par une quelconque entreprise am\u00e9ricaine qui cherche \u00e0 analyser vos donn\u00e9es pour revendre les r\u00e9sultats.<\/li>\n<\/ul>\n\n\n\n<hr class=\"wp-block-separator has-css-opacity\"\/>\n\n\n\n<p class=\"has-black-color has-text-color has-background\" style=\"background-color:#81d742\"><strong>INSTALLATION ET D\u00c9PLOIEMENT DE SERVEURS EN AUTO-H\u00c9BERGEMENT<\/strong><\/p>\n\n\n\n<p><strong>De quoi ai-je besoin ?<\/strong><br><br>Presque rien !<br>L&rsquo;auto-h\u00e9bergement est peu gourmand en ressource m\u00e9moire et processeur. Un ancien PC de bureau d\u00e9class\u00e9 <em>(ou un ancien PC portable pour une consommation encore moindre)<\/em> ou un petit ordinateur ARM <em>(environ 30\u20ac)<\/em>, fera parfaitement l&rsquo;affaire.<\/p>\n\n\n\n<p>Pr\u00e9-requis conseill\u00e9s pour un usage personnel :<\/p>\n\n\n\n<ul class=\"wp-block-list\">\n<li>m\u00e9moire vive : 4 Giga RAM<\/li>\n\n\n\n<li>connecteur r\u00e9seau 1 Gigabit<\/li>\n\n\n\n<li>1 disque dur de petite capacit\u00e9 (ou une clef USB) pour le syst\u00e8me et les emails<\/li>\n\n\n\n<li>acc\u00e8s internet permanent (fibre recommand\u00e9e) avec IP fixe<\/li>\n\n\n\n<li>nom de domaine <em>(ex. : votrenom.fr)<\/em> actif pr\u00e9alablement \u00e0 l&rsquo;installation<\/li>\n<\/ul>\n\n\n\n<p>Options de s\u00e9curit\u00e9 :<\/p>\n\n\n\n<ul class=\"wp-block-list\">\n<li>1 second PC pour la redondance du serveur en cas de panne du serveur principal.<\/li>\n\n\n\n<li>1 disque dur d\u00e9di\u00e9 de petite capacit\u00e9 pour les sauvegardes du syst\u00e8me et des mails<\/li>\n\n\n\n<li>1 disque dur d\u00e9di\u00e9 pour le stockage des donn\u00e9es synchronis\u00e9es entre tous les postes <\/li>\n\n\n\n<li> 1 contr\u00f4leur RAID + 2 disques durs identiques d\u00e9di\u00e9s pour la r\u00e9plication des donn\u00e9es synchronis\u00e9es entre tous les postes<\/li>\n<\/ul>\n\n\n\n<hr class=\"wp-block-separator has-css-opacity\"\/>\n\n\n\n<p><strong>Que vais-je pouvoir g\u00e9rer sur mon serveur ?<\/strong><br><br><strong><em>Sur le serveur principal (physique ou virtualis\u00e9) :<\/em><\/strong><br>Vous disposez de base du service (PROTOCOLES) :<\/p>\n\n\n\n<ul class=\"wp-block-list\">\n<li>Serveur de <strong>Messagerie <\/strong>pour les emails (POP\/IMAP\/SMTP)<\/li>\n<\/ul>\n\n\n\n<p>Parmi les applications disponibles, nous pr\u00e9conisons la configuration suivante :<\/p>\n\n\n\n<ul class=\"wp-block-list\">\n<li>Serveur <strong>Bitwarden<\/strong>, coffre-fort pour le stockage de vos identifiants, mots de passe et documents sensibles<\/li>\n\n\n\n<li>Serveur <strong>NextCloud <\/strong>pour la syncronisation des fichiers (webDAV)<\/li>\n\n\n\n<li>Serveur <strong>SOGo <\/strong>pour h\u00e9berger vos contacts, agendas et t\u00e2ches (cardDAV, calDAV)<\/li>\n\n\n\n<li>Serveur <strong>WordPress<\/strong> pour cr\u00e9er et\/ou h\u00e9berger votre site internet<\/li>\n<\/ul>\n\n\n\n<p>Dans cette configuration essentielle, le serveur g\u00e8re vos emails, NextCloud g\u00e8re vos fichiers, SOGo g\u00e8re vos agendas et vos contacts. Cela remplace Google Agendas, Google Contacts, GMail et GoogleDrive. Vous pouvez d\u00e9sormais quitter Google ! Plus de limite de capacit\u00e9 sur le Drive et vos donn\u00e9es sont synchronis\u00e9s sur tous vos PC et t\u00e9l\u00e9phones et accessibles de n&rsquo;importe o\u00f9 sans changer vos habitudes de travail.<br>Vos identifiants et vos mots de passe ne sont plus stock\u00e9s dans votre navigateur internet, mais localement dans votre coffre-fort \u00e9lectronique.<br>Et optionnellement, selon vos besoins nous vous sugg\u00e9rons :<\/p>\n\n\n\n<ul class=\"wp-block-list\">\n<li>Serveur de synchronisation <strong>Firefox <\/strong>pour h\u00e9berger vos mots de passe, favoris et historiques<\/li>\n\n\n\n<li>Serveur Multim\u00e9dia <strong>miniDLNA<\/strong> pour diffusion locale (DLNA PnP)<\/li>\n\n\n\n<li>Serveur Multim\u00e9dia <strong>Kodi <\/strong>pour diffusion extranet (webDAVS)<\/li>\n\n\n\n<li>Serveur Musical <strong>Airsonic<\/strong> pour diffusion extranet<\/li>\n\n\n\n<li>Serveur de t\u00e9l\u00e9chargements <strong>Transmission <\/strong>(torrents)<\/li>\n\n\n\n<li>Serveur domotique <strong>Home Assistant <\/strong>(objets connect\u00e9s)<\/li>\n<\/ul>\n\n\n\n<p>La liste ci-dessus n&rsquo;est pas exhaustive. De nombreuses applications sont disponibles au t\u00e9l\u00e9chargement. <\/p>\n\n\n\n<p><em><strong>Sur un autre serveur virtualis\u00e9 d\u00e9di\u00e9 :<\/strong><\/em><\/p>\n\n\n\n<ul class=\"wp-block-list\">\n<li>Serveur de Vid\u00e9o-Surveillance <strong>MotionEye <\/strong>ou <strong>ZoneMinder <\/strong>(plateforme Linux)<\/li>\n<\/ul>\n\n\n\n<p><strong><em>Sur un autre serveur virtualis\u00e9 d\u00e9di\u00e9 :<\/em><\/strong><\/p>\n\n\n\n<ul class=\"wp-block-list\">\n<li>Serveur Domotique <strong>Home Assistant <\/strong>(plateforme HassIO)<\/li>\n<\/ul>\n\n\n\n<h2 class=\"wp-block-heading\"><\/h2>\n\n\n\n<hr class=\"wp-block-separator has-css-opacity\"\/>\n\n\n\n<p><strong>Combien \u00e7a co\u00fbte ?<\/strong><br><br>Rien en ce qui concerne les logiciels ! Tous sont gratuits !<br>Les solutions d\u2019auto-h\u00e9bergement fonctionnent sous environnement LINUX avec des logiciels libres donc gratuits<br><br>Cot\u00e9 mat\u00e9riels, peu d&rsquo;investissement \u00e0 pr\u00e9voir, comme indiqu\u00e9 en haut de cette page, \u00e0 valider selon votre projet et le niveau de s\u00e9curit\u00e9 souhait\u00e9. Pour l&rsquo;utilisation d&rsquo;un cloud en milieu professionnel, il faut envisager d&rsquo;augmenter la m\u00e9moire vive (RAM) en fonction du nombre d&rsquo;utilisateurs et du volume de fichiers. <br><br>Il subsiste les frais d&rsquo;installation du serveur et le d\u00e9ploiement sur les postes et p\u00e9riph\u00e9riques mobiles. Le co\u00fbt est variable selon le nombre et le type d &lsquo;applications \u00e0 installer sur le serveur, ainsi que le nombre d&rsquo;utilisateurs \u00e0 g\u00e9rer et \u00e0 d\u00e9ployer. <br><br>Compter \u00e9ventuellement les frais de votre nom de domaine <em>(ex. : sos-computer.fr)<\/em>, que vous paierez environ 10\u20ac chaque ann\u00e9e.<\/p>\n\n\n\n<hr class=\"wp-block-separator has-css-opacity\"\/>\n\n\n\n<p>Convaincu ? Envoyez-nous un email pour obtenir une \u00e9tude et un devis personnalis\u00e9.<br><br>Vous n&rsquo;avez pas encore de nom de domaine ? Chez OVH, hebergeur Fran\u00e7ais, la configuration des DNS est automatique depuis Yunohost.<\/p>\n\n\n\n<p><\/p>\n","protected":false},"excerpt":{"rendered":"<p>IND\u00c9PENDANCE NUM\u00c9RIQUE : PRENEZ LE CONTR\u00d4LE ! Mettez un terme \u00e0 l&rsquo;espionnage de vos donn\u00e9es en vous lib\u00e9rant des datacenters. Passez \u00e0 l&rsquo;auto-h\u00e9bergement. L&rsquo;auto-h\u00e9bergement est le fait d&rsquo;avoir et d&rsquo;administrer son propre serveur, typiquement chez soi, pour h\u00e9berger soi-m\u00eame ses donn\u00e9es personnelles et des services plut\u00f4t que de se reposer exclusivement sur des tiers. Par &hellip;<br \/><a href=\"https:\/\/sos-computer.fr\/blog\/auto-hebergement\/\" class=\"more-link pen_button pen_element_default pen_icon_arrow_double\">Continue reading <span class=\"screen-reader-text\">AUTO-H\u00c9BERGEMENT<\/span><\/a><\/p>\n","protected":false},"author":1,"featured_media":0,"parent":0,"menu_order":0,"comment_status":"closed","ping_status":"closed","template":"","meta":{"footnotes":""},"class_list":["post-495","page","type-page","status-publish","hentry"],"_links":{"self":[{"href":"https:\/\/sos-computer.fr\/blog\/wp-json\/wp\/v2\/pages\/495","targetHints":{"allow":["GET"]}}],"collection":[{"href":"https:\/\/sos-computer.fr\/blog\/wp-json\/wp\/v2\/pages"}],"about":[{"href":"https:\/\/sos-computer.fr\/blog\/wp-json\/wp\/v2\/types\/page"}],"author":[{"embeddable":true,"href":"https:\/\/sos-computer.fr\/blog\/wp-json\/wp\/v2\/users\/1"}],"replies":[{"embeddable":true,"href":"https:\/\/sos-computer.fr\/blog\/wp-json\/wp\/v2\/comments?post=495"}],"version-history":[{"count":115,"href":"https:\/\/sos-computer.fr\/blog\/wp-json\/wp\/v2\/pages\/495\/revisions"}],"predecessor-version":[{"id":1797,"href":"https:\/\/sos-computer.fr\/blog\/wp-json\/wp\/v2\/pages\/495\/revisions\/1797"}],"wp:attachment":[{"href":"https:\/\/sos-computer.fr\/blog\/wp-json\/wp\/v2\/media?parent=495"}],"curies":[{"name":"wp","href":"https:\/\/api.w.org\/{rel}","templated":true}]}}