{"id":496,"date":"2019-11-10T02:15:46","date_gmt":"2019-11-10T00:15:46","guid":{"rendered":"https:\/\/sos-computer.fr\/blog\/?page_id=496"},"modified":"2020-08-17T23:14:22","modified_gmt":"2020-08-17T22:14:22","slug":"formations","status":"publish","type":"page","link":"https:\/\/sos-computer.fr\/blog\/formations\/","title":{"rendered":"FORMATIONS"},"content":{"rendered":"\n<hr class=\"wp-block-separator\"\/>\n\n\n\n<p style=\"background-color:#1e73be\" class=\"has-text-color has-background has-very-light-gray-color\"><strong>FORMATIONS PROFESSIONNELLES POUR ADULTES<\/strong><\/p>\n\n\n\n<hr class=\"wp-block-separator\"\/>\n\n\n\n<p><em><strong>Pour chaque partenaire avec qui nous travaillons, nous d\u00e9ployons une infrastructure informatique personnalis\u00e9e, \u00e0 la disposition des stagiaires et des \u00e9quipes p\u00e9dagogiques.<\/strong><\/em><br><br>Les bases de cette infrastructure sont deux <strong>E<\/strong>nvironnements <strong>N<\/strong>um\u00e9riques de <strong>T<\/strong>ravail redondants (principal et secours), personnalis\u00e9s avec l&rsquo;identit\u00e9 visuelle du partenaire, ainsi qu&rsquo;une adresse d&rsquo;acc\u00e8s personnalis\u00e9e au nom du partenaire en sous-domaine. (ex : cci.sos-computer.fr ; greta.sos-computer.fr&#8230;).<br><br>Le d\u00e9tail des modules inclus dans l&rsquo;E.N.T. est \u00e0 d\u00e9finir.<br>Nous pouvons notamment inclure un module de visio-conf\u00e9rence pour des cours \u00e0 distance, d&rsquo;une grande utilit\u00e9 lors des p\u00e9riodes de confinement.<br><br>Un menu d\u00e9di\u00e9 au partenaire est affich\u00e9 sur notre page d&rsquo;accueil dans sa couleur dominante, ainsi que son logo.<br><br>Selon les cours dispens\u00e9s, nous pouvons \u00e9galement d\u00e9ployer une plateforme domotique Home Assistant.<br><br>Pour une meilleure communication, nous mettons \u00e0 votre disposition une adresse de contact personnalis\u00e9e (ex. : cci@sos-computer.fr ; greta@sos-computer.fr&#8230;)<br><br>Il va de soit que nous d\u00e9ployons des machines ind\u00e9pendantes pour chaque partenaire.<\/p>\n\n\n\n<p><\/p>\n\n\n\n<hr class=\"wp-block-separator\"\/>\n\n\n\n<p><em><strong>Vous trouverez, ci-dessous en exemple, l&rsquo;infrastructure mise \u00e0 la disposition de la Chambre de Commerce et de l&rsquo;Industrie de Perpignan (C.C.I.) :<\/strong><\/em><\/p>\n\n\n<a href=\"https:\/\/sos-computer.fr\/blog\/wp-content\/uploads\/2020\/08\/infrastructureCCI.pdf\" class=\"pdfemb-viewer\" style=\"\" data-width=\"max\" data-height=\"max\" data-toolbar=\"bottom\" data-toolbar-fixed=\"off\">infrastructureCCI<\/a>\n<p class=\"wp-block-pdfemb-pdf-embedder-viewer\"><\/p>\n\n\n\n<hr class=\"wp-block-separator\"\/>\n\n\n\n<p><em><strong>Nous dispensons des cours informatiques au travers des cursus de nos partenaires, principalement pour les formations suivantes :<\/strong><\/em><\/p>\n\n\n\n<table class=\"wp-block-table is-style-stripes\"><tbody><tr><td> <strong>FORMATION<\/strong><\/td><td> <strong>CONTENU INFORMATIQUE<\/strong><\/td><\/tr><tr><td>Assistant de Direction\/Manager<\/td><td>MS Office Word\/Excel\/PowerPoint : Niveau avanc\u00e9 + Fonctions statistiques<\/td><\/tr><tr><td>BTS AG PME-PMI<\/td><td>Gestion des Risques Informatiques + R\u00e9seaux<\/td><\/tr><tr><td>Mention Compl\u00e9mentaire Accueil R\u00e9ception<\/td><td>MS Office Word\/Excel\/PowerPoint : Bases + Publipostage<\/td><\/tr><tr><td>Projet PRO phase 1<\/td><td>Capture et montage vid\u00e9o, CV vid\u00e9o<\/td><\/tr><tr><td>Projet PRO phase 2<\/td><td>MS Office Word\/Excel\/PowerPoint : Bases<\/td><\/tr><tr><td>Vendeur Conseiller Commercial<\/td><td>MS Office Word\/Excel\/PowerPoint : Bases + Publipostage + Calculs commerciaux<\/td><\/tr><tr><td>Vendeur Conseiller Commercial<\/td><td>Domotique et objets connect\u00e9s<\/td><\/tr><\/tbody><\/table>\n\n\n\n<hr class=\"wp-block-separator\"\/>\n\n\n\n<p><em><strong>Nous assurerons \u00e9galement des formations sur mesure sur tous les mat\u00e9riels et logiciels cit\u00e9s dans la rubrique <\/strong><\/em><strong>\u00ab\u00a0<a href=\"https:\/\/sos-computer.fr\/blog\/competences\">COMP\u00c9TENCES<\/a>\u00a0\u00bb et bien d&rsquo;autres.<\/strong><\/p>\n\n\n\n<hr class=\"wp-block-separator\"\/>\n\n\n\n<p><\/p>\n","protected":false},"excerpt":{"rendered":"<p>FORMATIONS PROFESSIONNELLES POUR ADULTES Pour chaque partenaire avec qui nous travaillons, nous d\u00e9ployons une infrastructure informatique personnalis\u00e9e, \u00e0 la disposition des stagiaires et des \u00e9quipes p\u00e9dagogiques. Les bases de cette infrastructure sont deux Environnements Num\u00e9riques de Travail redondants (principal et secours), personnalis\u00e9s avec l&rsquo;identit\u00e9 visuelle du partenaire, ainsi qu&rsquo;une adresse d&rsquo;acc\u00e8s personnalis\u00e9e au nom du &hellip;<br \/><a href=\"https:\/\/sos-computer.fr\/blog\/formations\/\" class=\"more-link pen_button pen_element_default pen_icon_arrow_double\">Continue reading <span class=\"screen-reader-text\">FORMATIONS<\/span><\/a><\/p>\n","protected":false},"author":1,"featured_media":0,"parent":0,"menu_order":0,"comment_status":"closed","ping_status":"closed","template":"","meta":{"footnotes":""},"class_list":["post-496","page","type-page","status-publish","hentry"],"_links":{"self":[{"href":"https:\/\/sos-computer.fr\/blog\/wp-json\/wp\/v2\/pages\/496","targetHints":{"allow":["GET"]}}],"collection":[{"href":"https:\/\/sos-computer.fr\/blog\/wp-json\/wp\/v2\/pages"}],"about":[{"href":"https:\/\/sos-computer.fr\/blog\/wp-json\/wp\/v2\/types\/page"}],"author":[{"embeddable":true,"href":"https:\/\/sos-computer.fr\/blog\/wp-json\/wp\/v2\/users\/1"}],"replies":[{"embeddable":true,"href":"https:\/\/sos-computer.fr\/blog\/wp-json\/wp\/v2\/comments?post=496"}],"version-history":[{"count":62,"href":"https:\/\/sos-computer.fr\/blog\/wp-json\/wp\/v2\/pages\/496\/revisions"}],"predecessor-version":[{"id":1781,"href":"https:\/\/sos-computer.fr\/blog\/wp-json\/wp\/v2\/pages\/496\/revisions\/1781"}],"wp:attachment":[{"href":"https:\/\/sos-computer.fr\/blog\/wp-json\/wp\/v2\/media?parent=496"}],"curies":[{"name":"wp","href":"https:\/\/api.w.org\/{rel}","templated":true}]}}