{"id":616,"date":"2019-11-10T05:23:19","date_gmt":"2019-11-10T03:23:19","guid":{"rendered":"https:\/\/sos-computer.fr\/blog\/hestia-front\/"},"modified":"2024-12-07T11:04:20","modified_gmt":"2024-12-07T10:04:20","slug":"hestia-front","status":"publish","type":"page","link":"https:\/\/sos-computer.fr\/blog\/","title":{"rendered":"ACCUEIL"},"content":{"rendered":"\n<p><strong>SOS-COMPUTER<\/strong>, ce sont plus de 35 ann\u00e9es d\u2019exp\u00e9rience en mat\u00e9riels et logiciels informatiques, au service des grands comptes et des revendeurs informatiques.<\/p>\n\n\n\n<hr class=\"wp-block-separator has-css-opacity\"\/>\n\n\n\n<p>Aujourd&rsquo;hui, nous intervenons principalement dans le domaine de la <strong>Formation Professionnelle pour Adultes<\/strong>, pour le compte de centres de formation, ou de la R\u00e9gion en tant que sous-traitant.<\/p>\n\n\n\n<hr class=\"wp-block-separator has-css-opacity\"\/>\n\n\n\n<p>Notre offre de services informatiques est quant \u00e0 elle, orient\u00e9e autour de la confidentialit\u00e9 et la s\u00e9curit\u00e9 des donn\u00e9es, bas\u00e9e sur <strong>l&rsquo;installation et le d\u00e9ploiement de serveurs en Auto-H\u00e9bergement<\/strong> \u00e0 destination des particuliers, artisans et T.P.E. soucieux de leur vie priv\u00e9e et de leurs donn\u00e9es, qui partagent <a href=\"https:\/\/sos-computer.fr\/blog\/philosophie\/\">notre philosophie de l&rsquo;informatique<\/a>.<\/p>\n\n\n\n<p><\/p>\n","protected":false},"excerpt":{"rendered":"<p>SOS-COMPUTER, ce sont plus de 35 ann\u00e9es d\u2019exp\u00e9rience en mat\u00e9riels et logiciels informatiques, au service des grands comptes et des revendeurs informatiques. Aujourd&rsquo;hui, nous intervenons principalement dans le domaine de la Formation Professionnelle pour Adultes, pour le compte de centres de formation, ou de la R\u00e9gion en tant que sous-traitant. Notre offre de services informatiques &hellip;<br \/><a href=\"https:\/\/sos-computer.fr\/blog\/\" class=\"more-link pen_button pen_element_default pen_icon_arrow_double\">Continue reading <span class=\"screen-reader-text\">ACCUEIL<\/span><\/a><\/p>\n","protected":false},"author":1,"featured_media":0,"parent":0,"menu_order":0,"comment_status":"closed","ping_status":"closed","template":"","meta":{"footnotes":""},"class_list":["post-616","page","type-page","status-publish","hentry"],"_links":{"self":[{"href":"https:\/\/sos-computer.fr\/blog\/wp-json\/wp\/v2\/pages\/616","targetHints":{"allow":["GET"]}}],"collection":[{"href":"https:\/\/sos-computer.fr\/blog\/wp-json\/wp\/v2\/pages"}],"about":[{"href":"https:\/\/sos-computer.fr\/blog\/wp-json\/wp\/v2\/types\/page"}],"author":[{"embeddable":true,"href":"https:\/\/sos-computer.fr\/blog\/wp-json\/wp\/v2\/users\/1"}],"replies":[{"embeddable":true,"href":"https:\/\/sos-computer.fr\/blog\/wp-json\/wp\/v2\/comments?post=616"}],"version-history":[{"count":70,"href":"https:\/\/sos-computer.fr\/blog\/wp-json\/wp\/v2\/pages\/616\/revisions"}],"predecessor-version":[{"id":1786,"href":"https:\/\/sos-computer.fr\/blog\/wp-json\/wp\/v2\/pages\/616\/revisions\/1786"}],"wp:attachment":[{"href":"https:\/\/sos-computer.fr\/blog\/wp-json\/wp\/v2\/media?parent=616"}],"curies":[{"name":"wp","href":"https:\/\/api.w.org\/{rel}","templated":true}]}}